{"id":5,"date":"2021-08-27T09:47:39","date_gmt":"2021-08-27T09:47:39","guid":{"rendered":"https:\/\/localhost\/seedcozm\/?page_id=5"},"modified":"2026-02-17T10:12:28","modified_gmt":"2026-02-17T10:12:28","slug":"home","status":"publish","type":"page","link":"https:\/\/seedcogroup.com\/drc\/fieldcrops\/fr\/","title":{"rendered":"Maison"},"content":{"rendered":"<div class=\"wp-block-columns is-layout-flex wp-container-core-columns-is-layout-9d6595d7 wp-block-columns-is-layout-flex\">\n<div class=\"wp-block-column is-layout-flow wp-block-column-is-layout-flow\">\n<figure class=\"wp-block-embed is-type-video is-provider-youtube wp-block-embed-youtube wp-embed-aspect-16-9 wp-has-aspect-ratio\"><div class=\"wp-block-embed__wrapper\">\n<div  id=\"_ytid_37064\"  width=\"800\" height=\"450\"  data-origwidth=\"800\" data-origheight=\"450\" data-facadesrc=\"https:\/\/www.youtube.com\/embed\/2OfwmYaqnu4?enablejsapi=1&#038;autoplay=0&#038;cc_load_policy=0&#038;cc_lang_pref=&#038;iv_load_policy=1&#038;loop=0&#038;rel=0&#038;fs=1&#038;playsinline=0&#038;autohide=2&#038;theme=dark&#038;color=red&#038;controls=1&#038;\" class=\"__youtube_prefs__ epyt-facade epyt-is-override  no-lazyload\" data-epautoplay=\"1\" ><img decoding=\"async\" data-spai-excluded=\"true\" class=\"epyt-facade-poster skip-lazy\" loading=\"lazy\"  alt=\"YouTube player\"  src=\"https:\/\/i.ytimg.com\/vi\/2OfwmYaqnu4\/maxresdefault.jpg\"  \/><button class=\"epyt-facade-play\" aria-label=\"Play\"><svg data-no-lazy=\"1\" height=\"100%\" version=\"1.1\" viewbox=\"0 0 68 48\" width=\"100%\"><path class=\"ytp-large-play-button-bg\" d=\"M66.52,7.74c-0.78-2.93-2.49-5.41-5.42-6.19C55.79,.13,34,0,34,0S12.21,.13,6.9,1.55 C3.97,2.33,2.27,4.81,1.48,7.74C0.06,13.05,0,24,0,24s0.06,10.95,1.48,16.26c0.78,2.93,2.49,5.41,5.42,6.19 C12.21,47.87,34,48,34,48s21.79-0.13,27.1-1.55c2.93-0.78,4.64-3.26,5.42-6.19C67.94,34.95,68,24,68,24S67.94,13.05,66.52,7.74z\" fill=\"#f00\"><\/path><path d=\"M 45,24 27,14 27,34\" fill=\"#fff\"><\/path><\/svg><\/button><\/div>\n<\/div><\/figure>\n<\/div>\n\n\n\n<div class=\"wp-block-column is-layout-flow wp-block-column-is-layout-flow\">\n<h1 class=\"wp-block-heading\">Bienvenu<\/h1>\n\n\n\n<p>Seed Co R\u00e9publique D\u00e9mocratique du Congo se positionne fi\u00e8rement comme l\u2019un des acteurs majeurs du secteur agricole du pays. L\u2019entreprise est activement impliqu\u00e9e dans la recherche sur les semences, la production, la transformation, la distribution et la commercialisation des semences agricoles. Ses produits phares comprennent les semences de ma\u00efs hybride, le bl\u00e9 et le soja. L\u2019entreprise commercialise \u00e9galement des semences de sorgho, de haricot commun, d\u2019arachide et de cultures mara\u00eech\u00e8res.<\/p>\n\n\n\n<div class=\"wp-block-buttons is-layout-flex wp-block-buttons-is-layout-flex\">\n<div class=\"wp-block-button\"><a class=\"wp-block-button__link wp-element-button\" href=\"https:\/\/seedcogroup.com\/drc\/fieldcrops\/fr\/about-us\/overview\/\">Plus \u00e0 propos de nous<\/a><\/div>\n<\/div>\n\n\n\n<p><\/p>\n<\/div>\n<\/div>","protected":false},"excerpt":{"rendered":"<p>Welcome Seed Co Democratic Republic of Congo proudly positions itself as one of the leading players in the country\u2019s agricultural [&hellip;]<\/p>\n","protected":false},"author":1,"featured_media":0,"parent":0,"menu_order":0,"comment_status":"closed","ping_status":"closed","template":"","meta":{"_acf_changed":false,"footnotes":""},"class_list":["post-5","page","type-page","status-publish","hentry"],"acf":[],"_links":{"self":[{"href":"https:\/\/seedcogroup.com\/drc\/fieldcrops\/fr\/wp-json\/wp\/v2\/pages\/5","targetHints":{"allow":["GET"]}}],"collection":[{"href":"https:\/\/seedcogroup.com\/drc\/fieldcrops\/fr\/wp-json\/wp\/v2\/pages"}],"about":[{"href":"https:\/\/seedcogroup.com\/drc\/fieldcrops\/fr\/wp-json\/wp\/v2\/types\/page"}],"author":[{"embeddable":true,"href":"https:\/\/seedcogroup.com\/drc\/fieldcrops\/fr\/wp-json\/wp\/v2\/users\/1"}],"replies":[{"embeddable":true,"href":"https:\/\/seedcogroup.com\/drc\/fieldcrops\/fr\/wp-json\/wp\/v2\/comments?post=5"}],"version-history":[{"count":27,"href":"https:\/\/seedcogroup.com\/drc\/fieldcrops\/fr\/wp-json\/wp\/v2\/pages\/5\/revisions"}],"predecessor-version":[{"id":3950,"href":"https:\/\/seedcogroup.com\/drc\/fieldcrops\/fr\/wp-json\/wp\/v2\/pages\/5\/revisions\/3950"}],"wp:attachment":[{"href":"https:\/\/seedcogroup.com\/drc\/fieldcrops\/fr\/wp-json\/wp\/v2\/media?parent=5"}],"curies":[{"name":"wp","href":"https:\/\/api.w.org\/{rel}","templated":true}]}}