{"id":44,"date":"2021-08-27T13:00:12","date_gmt":"2021-08-27T13:00:12","guid":{"rendered":"https:\/\/localhost\/seedcozm\/?page_id=44"},"modified":"2026-02-16T13:48:28","modified_gmt":"2026-02-16T13:48:28","slug":"our-story","status":"publish","type":"page","link":"https:\/\/seedcogroup.com\/drc\/fieldcrops\/fr\/about-us\/our-story\/","title":{"rendered":"Notre histoire"},"content":{"rendered":"<h2 class=\"wp-block-heading has-text-align-center\">Notre histoire<\/h2>\n\n\n\n<p>Seed Co R\u00e9publique D\u00e9mocratique du Congo a \u00e9t\u00e9 cr\u00e9\u00e9e en 2012 dans le cadre du programme d\u2019expansion r\u00e9gionale du Groupe Seed Co en Afrique. Cette expansion s\u2019appuie sur une solide exp\u00e9rience d\u00e9velopp\u00e9e depuis 1997 sur le march\u00e9 r\u00e9gional. Depuis son implantation en RDC, l\u2019entreprise n\u2019a cess\u00e9 de cro\u00eetre et d\u2019\u00e9largir sa pr\u00e9sence sur le march\u00e9 congolais.<\/p>\n\n\n\n<p>Au fil des ann\u00e9es, Seed Co RDC a renforc\u00e9 ses capacit\u00e9s en mati\u00e8re de recherche vari\u00e9tale, de production, de transformation et de distribution de semences certifi\u00e9es adapt\u00e9es aux conditions agro-\u00e9cologiques locales. L\u2019entreprise poursuit son expansion afin de mieux servir les agriculteurs congolais et de contribuer activement \u00e0 la s\u00e9curit\u00e9 alimentaire nationale.<\/p>\n\n\n\n<p><strong>Seed Co RDC est actuellement situ\u00e9e au:<\/strong><\/p>\n\n\n\n<p>34, Avenue Kibati<br>Quartier Industrielle, Commune Kampemba,<br>Lubumbashi, R\u00e9publique D\u00e9mocratique du Congo<\/p>\n\n\n\n<p><strong>Notre Empreinte Africaine<\/strong><\/p>\n\n\n\n<p>Chaque \u00e9tape franchie sur le continent refl\u00e8te la croissance de la marque Seed Co et la confiance accord\u00e9e par les agriculteurs. Seed Co s\u2019engage \u00e0 mener des activit\u00e9s commerciales responsables et durables, en accompagnant les agriculteurs tout au long des saisons agricoles.<\/p>\n\n\n\n<p>En tant qu\u2019Entreprise Semenci\u00e8re Africaine, Seed Co contribue activement au succ\u00e8s des agriculteurs africains et \u00e0 la s\u00e9curit\u00e9 alimentaire du continent en am\u00e9liorant continuellement la qualit\u00e9 des semences et les performances de rendement.<\/p>\n\n\n\n<p><strong>Seed Co est pr\u00e9sent dans plusieurs pays africains, notamment:<\/strong><\/p>\n\n\n\n<div class=\"wp-block-columns is-layout-flex wp-container-core-columns-is-layout-9d6595d7 wp-block-columns-is-layout-flex\">\n<div class=\"wp-block-column is-layout-flow wp-block-column-is-layout-flow\">\n<ul class=\"wp-block-list\">\n<li>Zambie<\/li>\n\n\n\n<li>Afrique du Sud<\/li>\n\n\n\n<li>Tanzanie<\/li>\n\n\n\n<li>Nig\u00e9ria<\/li>\n\n\n\n<li>Botswana<\/li>\n\n\n\n<li>Rwanda &nbsp;&nbsp;&nbsp;&nbsp;&nbsp;<\/li>\n<\/ul>\n<\/div>\n\n\n\n<div class=\"wp-block-column is-layout-flow wp-block-column-is-layout-flow\">\n<ul class=\"wp-block-list\">\n<li>Malawi<\/li>\n\n\n\n<li>R\u00e9publique D\u00e9mocratique du Congo<\/li>\n\n\n\n<li>Mozambique<\/li>\n\n\n\n<li>Kenya<\/li>\n\n\n\n<li>Ghana<\/li>\n\n\n\n<li>Zimbabwe<\/li>\n<\/ul>\n<\/div>\n\n\n\n<div class=\"wp-block-column is-layout-flow wp-block-column-is-layout-flow\"><\/div>\n<\/div>\n\n\n\n<p><\/p>","protected":false},"excerpt":{"rendered":"<p>Our Story Seed Co Democratic Republic of Congo was established in 2012 as part of the Seed Co Group\u2019s regional [&hellip;]<\/p>\n","protected":false},"author":1,"featured_media":2598,"parent":36,"menu_order":0,"comment_status":"closed","ping_status":"closed","template":"","meta":{"_acf_changed":false,"footnotes":""},"class_list":["post-44","page","type-page","status-publish","has-post-thumbnail","hentry"],"acf":[],"_links":{"self":[{"href":"https:\/\/seedcogroup.com\/drc\/fieldcrops\/fr\/wp-json\/wp\/v2\/pages\/44","targetHints":{"allow":["GET"]}}],"collection":[{"href":"https:\/\/seedcogroup.com\/drc\/fieldcrops\/fr\/wp-json\/wp\/v2\/pages"}],"about":[{"href":"https:\/\/seedcogroup.com\/drc\/fieldcrops\/fr\/wp-json\/wp\/v2\/types\/page"}],"author":[{"embeddable":true,"href":"https:\/\/seedcogroup.com\/drc\/fieldcrops\/fr\/wp-json\/wp\/v2\/users\/1"}],"replies":[{"embeddable":true,"href":"https:\/\/seedcogroup.com\/drc\/fieldcrops\/fr\/wp-json\/wp\/v2\/comments?post=44"}],"version-history":[{"count":17,"href":"https:\/\/seedcogroup.com\/drc\/fieldcrops\/fr\/wp-json\/wp\/v2\/pages\/44\/revisions"}],"predecessor-version":[{"id":3943,"href":"https:\/\/seedcogroup.com\/drc\/fieldcrops\/fr\/wp-json\/wp\/v2\/pages\/44\/revisions\/3943"}],"up":[{"embeddable":true,"href":"https:\/\/seedcogroup.com\/drc\/fieldcrops\/fr\/wp-json\/wp\/v2\/pages\/36"}],"wp:featuredmedia":[{"embeddable":true,"href":"https:\/\/seedcogroup.com\/drc\/fieldcrops\/fr\/wp-json\/wp\/v2\/media\/2598"}],"wp:attachment":[{"href":"https:\/\/seedcogroup.com\/drc\/fieldcrops\/fr\/wp-json\/wp\/v2\/media?parent=44"}],"curies":[{"name":"wp","href":"https:\/\/api.w.org\/{rel}","templated":true}]}}