{"id":420,"date":"2021-09-21T14:43:11","date_gmt":"2021-09-21T14:43:11","guid":{"rendered":"http:\/\/104.238.170.140\/seedcogroup\/?page_id=420"},"modified":"2024-01-18T11:04:07","modified_gmt":"2024-01-18T11:04:07","slug":"faqs","status":"publish","type":"page","link":"https:\/\/seedcogroup.com\/drc\/fieldcrops\/fr\/media\/faqs\/","title":{"rendered":"FAQ"},"content":{"rendered":"<style>#sp-ea-88 .spcollapsing { height: 0; overflow: hidden; transition-property: height;transition-duration: 500ms;}#sp-ea-88.sp-easy-accordion>.sp-ea-single {margin-bottom: 10px; border: 1px solid #e2e2e2; }#sp-ea-88.sp-easy-accordion>.sp-ea-single>.ea-header a {color: #444;}#sp-ea-88.sp-easy-accordion>.sp-ea-single>.sp-collapse>.ea-body {background: #fff; color: #444;}#sp-ea-88.sp-easy-accordion>.sp-ea-single {background: #eee;}#sp-ea-88.sp-easy-accordion>.sp-ea-single>.ea-header a .ea-expand-icon { float: left; color: #444;font-size: 16px;}<\/style><div id=\"sp_easy_accordion-1715240635\"><div id=\"sp-ea-88\" class=\"sp-ea-one sp-easy-accordion\" data-ea-active=\"ea-click\" data-ea-mode=\"vertical\" data-preloader=\"\" data-scroll-active-item=\"\" data-offset-to-scroll=\"0\"><div class=\"ea-card sp-ea-single\"><h3 class=\"ea-header\"><a class=\"collapsed\" id=\"ea-header-880\" role=\"button\" data-sptoggle=\"spcollapse\" data-sptarget=\"#collapse880\" aria-controls=\"collapse880\" href=\"#\" aria-expanded=\"false\" tabindex=\"0\"><i aria-hidden=\"true\" role=\"presentation\" class=\"ea-expand-icon eap-icon-ea-expand-plus\"><\/i> Comment atteindre efficacement les rendements recommand\u00e9s ?<\/a><\/h3><div class=\"sp-collapse spcollapse spcollapse\" id=\"collapse880\" role=\"region\" aria-labelledby=\"ea-header-880\"> <div class=\"ea-body\"><p>Choisir la bonne vari\u00e9t\u00e9, planter au bon moment, appliquer les engrais appropri\u00e9s et garder la culture exempte de mauvaises herbes maximise les rendements.<\/p><\/div><\/div><\/div><div class=\"ea-card sp-ea-single\"><h3 class=\"ea-header\"><a class=\"collapsed\" id=\"ea-header-881\" role=\"button\" data-sptoggle=\"spcollapse\" data-sptarget=\"#collapse881\" aria-controls=\"collapse881\" href=\"#\" aria-expanded=\"false\" tabindex=\"0\"><i aria-hidden=\"true\" role=\"presentation\" class=\"ea-expand-icon eap-icon-ea-expand-plus\"><\/i> Est-il s\u00fbr d\u2019utiliser des herbicides sur les vari\u00e9t\u00e9s Seed Co ?<\/a><\/h3><div class=\"sp-collapse spcollapse spcollapse\" id=\"collapse881\" role=\"region\" aria-labelledby=\"ea-header-881\"> <div class=\"ea-body\"><p>Oui, les agriculteurs commerciaux utilisent des herbicides sur les vari\u00e9t\u00e9s Seed Co avec succ\u00e8s.<\/p><\/div><\/div><\/div><div class=\"ea-card sp-ea-single\"><h3 class=\"ea-header\"><a class=\"collapsed\" id=\"ea-header-882\" role=\"button\" data-sptoggle=\"spcollapse\" data-sptarget=\"#collapse882\" aria-controls=\"collapse882\" href=\"#\" aria-expanded=\"false\" tabindex=\"0\"><i aria-hidden=\"true\" role=\"presentation\" class=\"ea-expand-icon eap-icon-ea-expand-plus\"><\/i> O\u00f9 puis-je acheter des semences Seed Co en dehors de vos d\u00e9p\u00f4ts ?<\/a><\/h3><div class=\"sp-collapse spcollapse spcollapse\" id=\"collapse882\" role=\"region\" aria-labelledby=\"ea-header-882\"> <div class=\"ea-body\"><p>Dans de nombreux agro-d\u00e9positaires enregistr\u00e9s dans le pays, avec une licence de vendeur de semences d\u00e9livr\u00e9e par le Seed Control and Certification Institute.<\/p><\/div><\/div><\/div><div class=\"ea-card sp-ea-single\"><h3 class=\"ea-header\"><a class=\"collapsed\" id=\"ea-header-883\" role=\"button\" data-sptoggle=\"spcollapse\" data-sptarget=\"#collapse883\" aria-controls=\"collapse883\" href=\"#\" aria-expanded=\"false\" tabindex=\"0\"><i aria-hidden=\"true\" role=\"presentation\" class=\"ea-expand-icon eap-icon-ea-expand-plus\"><\/i> Comment devenir agent Seed Co ?<\/a><\/h3><div class=\"sp-collapse spcollapse spcollapse\" id=\"collapse883\" role=\"region\" aria-labelledby=\"ea-header-883\"> <div class=\"ea-body\"><p>Il faut une licence de vendeur de semences, une licence commerciale, un certificat fiscal, une lettre de recommandation bancaire et un entrep\u00f4t ventil\u00e9, puis signer un contrat de stockiste avec Seed Co.<\/p><\/div><\/div><\/div><div class=\"ea-card sp-ea-single\"><h3 class=\"ea-header\"><a class=\"collapsed\" id=\"ea-header-884\" role=\"button\" data-sptoggle=\"spcollapse\" data-sptarget=\"#collapse884\" aria-controls=\"collapse884\" href=\"#\" aria-expanded=\"false\" tabindex=\"0\"><i aria-hidden=\"true\" role=\"presentation\" class=\"ea-expand-icon eap-icon-ea-expand-plus\"><\/i> Combien d\u2019engrais dois-je appliquer pour les vari\u00e9t\u00e9s Seed Co ?<\/a><\/h3><div class=\"sp-collapse spcollapse spcollapse\" id=\"collapse884\" role=\"region\" aria-labelledby=\"ea-header-884\"> <div class=\"ea-body\"><p>Cela d\u00e9pend de la fertilit\u00e9 du sol et des objectifs de rendement ; par exemple, des recommandations de base comme 200 kg basal D\/C + 200 kg d\u2019ur\u00e9e par hectare sont souvent utilis\u00e9es.<\/p><\/div><\/div><\/div><div class=\"ea-card sp-ea-single\"><h3 class=\"ea-header\"><a class=\"collapsed\" id=\"ea-header-885\" role=\"button\" data-sptoggle=\"spcollapse\" data-sptarget=\"#collapse885\" aria-controls=\"collapse885\" href=\"#\" aria-expanded=\"false\" tabindex=\"0\"><i aria-hidden=\"true\" role=\"presentation\" class=\"ea-expand-icon eap-icon-ea-expand-plus\"><\/i> Combien d\u2019\u00e9pis un grain produit-t-il ?<\/a><\/h3><div class=\"sp-collapse spcollapse spcollapse\" id=\"collapse885\" role=\"region\" aria-labelledby=\"ea-header-885\"> <div class=\"ea-body\"><p>Toutes les vari\u00e9t\u00e9s actuelles de ma\u00efs produisent un seul \u00e9pi par plant.<\/p><\/div><\/div><\/div><div class=\"ea-card sp-ea-single\"><h3 class=\"ea-header\"><a class=\"collapsed\" id=\"ea-header-886\" role=\"button\" data-sptoggle=\"spcollapse\" data-sptarget=\"#collapse886\" aria-controls=\"collapse886\" href=\"#\" aria-expanded=\"false\" tabindex=\"0\"><i aria-hidden=\"true\" role=\"presentation\" class=\"ea-expand-icon eap-icon-ea-expand-plus\"><\/i> Quel est l\u2019effet d\u2019un engrais insuffisant ?<\/a><\/h3><div class=\"sp-collapse spcollapse spcollapse\" id=\"collapse886\" role=\"region\" aria-labelledby=\"ea-header-886\"> <div class=\"ea-body\"><p>Un apport insuffisant entra\u00eene un rendement inf\u00e9rieur au potentiel.<\/p><\/div><\/div><\/div><\/div><\/div>","protected":false},"excerpt":{"rendered":"","protected":false},"author":2,"featured_media":2166,"parent":38,"menu_order":0,"comment_status":"closed","ping_status":"closed","template":"","meta":{"_acf_changed":false,"footnotes":""},"class_list":["post-420","page","type-page","status-publish","has-post-thumbnail","hentry"],"acf":[],"_links":{"self":[{"href":"https:\/\/seedcogroup.com\/drc\/fieldcrops\/fr\/wp-json\/wp\/v2\/pages\/420","targetHints":{"allow":["GET"]}}],"collection":[{"href":"https:\/\/seedcogroup.com\/drc\/fieldcrops\/fr\/wp-json\/wp\/v2\/pages"}],"about":[{"href":"https:\/\/seedcogroup.com\/drc\/fieldcrops\/fr\/wp-json\/wp\/v2\/types\/page"}],"author":[{"embeddable":true,"href":"https:\/\/seedcogroup.com\/drc\/fieldcrops\/fr\/wp-json\/wp\/v2\/users\/2"}],"replies":[{"embeddable":true,"href":"https:\/\/seedcogroup.com\/drc\/fieldcrops\/fr\/wp-json\/wp\/v2\/comments?post=420"}],"version-history":[{"count":1,"href":"https:\/\/seedcogroup.com\/drc\/fieldcrops\/fr\/wp-json\/wp\/v2\/pages\/420\/revisions"}],"predecessor-version":[{"id":421,"href":"https:\/\/seedcogroup.com\/drc\/fieldcrops\/fr\/wp-json\/wp\/v2\/pages\/420\/revisions\/421"}],"up":[{"embeddable":true,"href":"https:\/\/seedcogroup.com\/drc\/fieldcrops\/fr\/wp-json\/wp\/v2\/pages\/38"}],"wp:featuredmedia":[{"embeddable":true,"href":"https:\/\/seedcogroup.com\/drc\/fieldcrops\/fr\/wp-json\/wp\/v2\/media\/2166"}],"wp:attachment":[{"href":"https:\/\/seedcogroup.com\/drc\/fieldcrops\/fr\/wp-json\/wp\/v2\/media?parent=420"}],"curies":[{"name":"wp","href":"https:\/\/api.w.org\/{rel}","templated":true}]}}