{"id":42,"date":"2021-08-27T13:00:00","date_gmt":"2021-08-27T13:00:00","guid":{"rendered":"https:\/\/localhost\/seedcozm\/?page_id=42"},"modified":"2026-04-10T08:56:03","modified_gmt":"2026-04-10T08:56:03","slug":"overview","status":"publish","type":"page","link":"https:\/\/seedcogroup.com\/drc\/fieldcrops\/fr\/about-us\/overview\/","title":{"rendered":"Aper\u00e7u"},"content":{"rendered":"<p>Seed Co R\u00e9publique D\u00e9mocratique du Congo se positionne fi\u00e8rement comme l\u2019un des acteurs majeurs du secteur agricole du pays. L\u2019entreprise est activement impliqu\u00e9e dans la recherche sur les semences, la production, la transformation, la distribution et la commercialisation des semences agricoles. Ses produits phares comprennent les semences de ma\u00efs hybride, le bl\u00e9 et le soja. L\u2019entreprise commercialise \u00e9galement des semences de sorgho, de haricot commun, d\u2019arachide et de cultures mara\u00eech\u00e8res.<\/p>\n\n\n\n<p>Seed Co RDC dessert une client\u00e8le diversifi\u00e9e allant des petits exploitants et agriculteurs \u00e9mergents aux grandes exploitations commerciales. En outre, l\u2019entreprise collabore \u00e9troitement avec les institutions gouvernementales et les organisations non gouvernementales afin de renforcer la s\u00e9curit\u00e9 alimentaire et la productivit\u00e9 agricole \u00e0 travers le pays.<\/p>\n\n\n\n<p>Tirant parti de la position strat\u00e9gique r\u00e9gionale de la R\u00e9publique D\u00e9mocratique du Congo et de la diversit\u00e9 de ses environnements agro-\u00e9cologiques, Seed Co a investi dans la recherche et le d\u00e9veloppement vari\u00e9tal afin d\u2019optimiser le criblage du germoplasme et de d\u00e9velopper des vari\u00e9t\u00e9s performantes, adaptables et adapt\u00e9es aux conditions de la RDC ainsi qu\u2019aux pays voisins pr\u00e9sentant des conditions similaires.<\/p>\n\n\n\n<h4 class=\"wp-block-heading has-medium-font-size\"><a><\/a>Notre Vision<\/h4>\n\n\n\n<p>To dominate the Agro Industry in Africa.<\/p>\n\n\n\n<h4 class=\"wp-block-heading has-medium-font-size\"><a><\/a>Notre Mission<\/h4>\n\n\n\n<p>We breed seed, feed and lead in Africa.<\/p>\n\n\n\n<h4 class=\"wp-block-heading has-medium-font-size\"><a><\/a>Nos Marques<\/h4>\n\n\n\n<p>Specially bred for Africa, our seed varieties are developed to thrive in African farming conditions, assuring farmers high performance, resilience, and the potential for maximum yields.<\/p>\n\n\n\n<h4 class=\"wp-block-heading has-medium-font-size\">Seed Co Values<\/h4>\n\n\n\n<ul class=\"wp-block-list\">\n<li><strong>Customer Centricity:<\/strong>&nbsp;Putting customers at the centre by listening carefully, understanding their needs, and delivering personalised solutions.<\/li>\n\n\n\n<li><strong>People Our Pride:<\/strong>&nbsp;Achieving results through people with passion while prioritising employee wellbeing, growth, and development.<\/li>\n\n\n\n<li><strong>Teamwork and Partnerships:<\/strong>&nbsp;Working and winning together by collaborating, sharing knowledge, supporting colleagues, and celebrating collective success.<\/li>\n\n\n\n<li><strong>Accountability:<\/strong>&nbsp;Taking ownership of responsibilities, delivering on commitments, and learning from mistakes while communicating proactively.<\/li>\n\n\n\n<li><strong>Quality Focused:<\/strong>&nbsp;Driving for quality and value by maintaining high standards, paying attention to detail, and continuously striving for excellence.<\/li>\n\n\n\n<li><strong>Integrity:<\/strong>&nbsp;Upholding strong moral principles, transparency, and honesty in all interactions while acting responsibly and ethically.<\/li>\n\n\n\n<li><strong>Innovation:<\/strong>&nbsp;Learning, experimenting, and applying new ideas by thinking creatively, exploring different approaches, and collaborating to develop solutions.<\/li>\n<\/ul>","protected":false},"excerpt":{"rendered":"<p>Seed Co Democratic Republic of Congo proudly positions itself as one of the leading players in the country\u2019s agricultural sector. [&hellip;]<\/p>\n","protected":false},"author":1,"featured_media":2598,"parent":36,"menu_order":0,"comment_status":"closed","ping_status":"closed","template":"","meta":{"_acf_changed":false,"footnotes":""},"class_list":["post-42","page","type-page","status-publish","has-post-thumbnail","hentry"],"acf":[],"_links":{"self":[{"href":"https:\/\/seedcogroup.com\/drc\/fieldcrops\/fr\/wp-json\/wp\/v2\/pages\/42","targetHints":{"allow":["GET"]}}],"collection":[{"href":"https:\/\/seedcogroup.com\/drc\/fieldcrops\/fr\/wp-json\/wp\/v2\/pages"}],"about":[{"href":"https:\/\/seedcogroup.com\/drc\/fieldcrops\/fr\/wp-json\/wp\/v2\/types\/page"}],"author":[{"embeddable":true,"href":"https:\/\/seedcogroup.com\/drc\/fieldcrops\/fr\/wp-json\/wp\/v2\/users\/1"}],"replies":[{"embeddable":true,"href":"https:\/\/seedcogroup.com\/drc\/fieldcrops\/fr\/wp-json\/wp\/v2\/comments?post=42"}],"version-history":[{"count":30,"href":"https:\/\/seedcogroup.com\/drc\/fieldcrops\/fr\/wp-json\/wp\/v2\/pages\/42\/revisions"}],"predecessor-version":[{"id":3962,"href":"https:\/\/seedcogroup.com\/drc\/fieldcrops\/fr\/wp-json\/wp\/v2\/pages\/42\/revisions\/3962"}],"up":[{"embeddable":true,"href":"https:\/\/seedcogroup.com\/drc\/fieldcrops\/fr\/wp-json\/wp\/v2\/pages\/36"}],"wp:featuredmedia":[{"embeddable":true,"href":"https:\/\/seedcogroup.com\/drc\/fieldcrops\/fr\/wp-json\/wp\/v2\/media\/2598"}],"wp:attachment":[{"href":"https:\/\/seedcogroup.com\/drc\/fieldcrops\/fr\/wp-json\/wp\/v2\/media?parent=42"}],"curies":[{"name":"wp","href":"https:\/\/api.w.org\/{rel}","templated":true}]}}