{"id":3,"date":"2021-08-27T09:35:15","date_gmt":"2021-08-27T09:35:15","guid":{"rendered":"https:\/\/localhost\/seedcozm\/?page_id=3"},"modified":"2024-01-18T13:15:16","modified_gmt":"2024-01-18T13:15:16","slug":"privacy-policy","status":"publish","type":"page","link":"https:\/\/seedcogroup.com\/drc\/fieldcrops\/fr\/privacy-policy\/","title":{"rendered":"Privacy Policy"},"content":{"rendered":"<p>Chez seedcogroup.com, accessible \u00e0 l'adresse https:\/\/seedcogroup.com\/, la protection de la vie priv\u00e9e de nos visiteurs est une priorit\u00e9 absolue. Ce document relatif \u00e0 notre politique de confidentialit\u00e9 d\u00e9crit les types d'informations collect\u00e9es et enregistr\u00e9es par seedcogroup.com, ainsi que leur utilisation.<\/p>\n\n\n\n<p>Si vous avez des questions suppl\u00e9mentaires ou souhaitez obtenir plus d'informations concernant notre politique de confidentialit\u00e9, n'h\u00e9sitez pas \u00e0 nous contacter. Notre politique de confidentialit\u00e9 a \u00e9t\u00e9 cr\u00e9\u00e9e avec l'aide de <a href=\"https:\/\/www.generateprivacypolicy.com\/\" target=\"_blank\" rel=\"noopener\">G\u00e9n\u00e9rateur de politique de confidentialit\u00e9<\/a>.<\/p>\n\n\n\n<h5 class=\"wp-block-heading\">Fichiers journaux<\/h5>\n\n\n\n<p>seedcogroup.com utilise une proc\u00e9dure standard de fichiers journaux. Ces fichiers enregistrent l'activit\u00e9 des visiteurs lorsqu'ils consultent le site web. Toutes les soci\u00e9t\u00e9s d'h\u00e9bergement proc\u00e8dent ainsi, et cela fait partie int\u00e9grante de leurs services d'analyse. Les informations collect\u00e9es par les fichiers journaux comprennent les adresses IP, le type de navigateur, le fournisseur d'acc\u00e8s \u00e0 Internet, la date et l'heure de la visite, les pages de provenance et de sortie, ainsi que le nombre de clics. Ces donn\u00e9es ne sont associ\u00e9es \u00e0 aucune information permettant d'identifier une personne. Elles servent \u00e0 analyser les tendances, \u00e0 administrer le site, \u00e0 suivre la navigation des utilisateurs et \u00e0 recueillir des informations d\u00e9mographiques.<\/p>\n\n\n\n<h5 class=\"wp-block-heading\">Cookies et balises Web<\/h5>\n\n\n\n<p>Comme tout autre site web, seedcogroup.com utilise des \u00ab\u00a0cookies\u00a0\u00bb. Ces cookies servent \u00e0 enregistrer des informations telles que les pr\u00e9f\u00e9rences des visiteurs et les pages consult\u00e9es. Ces informations permettent d\u2019optimiser l\u2019exp\u00e9rience utilisateur en personnalisant le contenu de notre site web en fonction du type de navigateur et\/ou d\u2019autres informations.<\/p>\n\n\n\n<h5 class=\"wp-block-heading\">Cookie Google DoubleClick DART<\/h5>\n\n\n\n<p>Google est l'un de nos fournisseurs tiers. Il utilise \u00e9galement des cookies, appel\u00e9s cookies DART, pour diffuser des annonces aux visiteurs de notre site en fonction de leurs visites sur www.website.com et d'autres sites web. Les visiteurs peuvent toutefois refuser l'utilisation des cookies DART en consultant les r\u00e8gles de confidentialit\u00e9 du r\u00e9seau publicitaire et de contenu de Google \u00e0 l'adresse suivante\u00a0: <a href=\"https:\/\/policies.google.com\/technologies\/ads\" target=\"_blank\" rel=\"noopener\">https:\/\/policies.google.com\/technologies\/ads<\/a><\/p>\n\n\n\n<h5 class=\"wp-block-heading\">Nos partenaires publicitaires<\/h5>\n\n\n\n<p>Certains annonceurs pr\u00e9sents sur notre site peuvent utiliser des cookies et des balises web. Nos partenaires publicitaires sont list\u00e9s ci-dessous. Chacun d'eux poss\u00e8de sa propre politique de confidentialit\u00e9 concernant le traitement des donn\u00e9es utilisateur. Pour plus de facilit\u00e9, vous trouverez ci-dessous un lien vers leur politique de confidentialit\u00e9.<\/p>\n\n\n\n<ul class=\"wp-block-list\">\n<li>Google <a href=\"https:\/\/policies.google.com\/technologies\/ads\" target=\"_blank\" rel=\"noopener\">https:\/\/policies.google.com\/technologies\/ads<\/a><\/li>\n<\/ul>\n\n\n\n<h5 class=\"wp-block-heading\">Politiques de confidentialit\u00e9<\/h5>\n\n\n\n<p>Vous pouvez consulter cette liste pour trouver la politique de confidentialit\u00e9 de chacun des partenaires publicitaires de seedcogroup.com.<\/p>\n\n\n\n<p>Les serveurs publicitaires ou r\u00e9seaux publicitaires tiers utilisent des technologies telles que les cookies, JavaScript ou les balises Web dans leurs publicit\u00e9s et liens affich\u00e9s sur seedcogroup.com, lesquels sont envoy\u00e9s directement \u00e0 votre navigateur. Votre adresse IP est automatiquement collect\u00e9e lors de cette op\u00e9ration. Ces technologies servent \u00e0 mesurer l'efficacit\u00e9 de leurs campagnes publicitaires et\/ou \u00e0 personnaliser le contenu publicitaire que vous voyez sur les sites Web que vous consultez.<\/p>\n\n\n\n<p>Veuillez noter que seedcogroup.com n'a aucun acc\u00e8s ni contr\u00f4le sur les cookies utilis\u00e9s par les annonceurs tiers.<\/p>\n\n\n\n<h5 class=\"wp-block-heading\">Politiques de confidentialit\u00e9 des tiers<\/h5>\n\n\n\n<p>La politique de confidentialit\u00e9 de seedcogroup.com ne s'applique pas aux autres annonceurs ni aux autres sites web. Nous vous conseillons donc de consulter les politiques de confidentialit\u00e9 respectives de ces serveurs publicitaires tiers pour obtenir des informations plus d\u00e9taill\u00e9es. Celles-ci peuvent inclure leurs pratiques et des instructions sur la fa\u00e7on de d\u00e9sactiver certaines options.<\/p>\n\n\n\n<p>Vous pouvez d\u00e9sactiver les cookies dans les options de votre navigateur. Pour plus d'informations sur la gestion des cookies avec votre navigateur, consultez le site web de ce dernier. Que sont les cookies\u00a0?<\/p>\n\n\n\n<h5 class=\"wp-block-heading\">Informations pour les enfants<\/h5>\n\n\n\n<p>Un autre aspect prioritaire de notre d\u00e9marche est de renforcer la protection des enfants sur Internet. Nous encourageons les parents et tuteurs \u00e0 observer, participer \u00e0, et\/ou surveiller et guider l'activit\u00e9 en ligne de leurs enfants.<\/p>\n\n\n\n<p>seedcogroup.com ne collecte sciemment aucune information personnelle identifiable aupr\u00e8s d'enfants de moins de 13 ans. Si vous pensez que votre enfant a fourni ce type d'information sur notre site web, nous vous encourageons vivement \u00e0 nous contacter imm\u00e9diatement et nous ferons tout notre possible pour supprimer rapidement ces informations de nos dossiers.<\/p>\n\n\n\n<h5 class=\"wp-block-heading\">Politique de confidentialit\u00e9 en ligne uniquement<\/h5>\n\n\n\n<p>La pr\u00e9sente politique de confidentialit\u00e9 s'applique uniquement \u00e0 nos activit\u00e9s en ligne et concerne les visiteurs de notre site web seedcogroup.com, relativement aux informations qu'ils partagent et\/ou que nous collectons. Elle ne s'applique pas aux informations collect\u00e9es hors ligne ou par d'autres canaux que ce site web.<\/p>\n\n\n\n<h5 class=\"wp-block-heading\">Consentement<\/h5>\n\n\n\n<p>En utilisant notre site web, vous consentez par la pr\u00e9sente \u00e0 notre politique de confidentialit\u00e9 et acceptez ses conditions g\u00e9n\u00e9rales.<\/p>","protected":false},"excerpt":{"rendered":"<p>At seedcogroup.com, accessible from https:\/\/seedcogroup.com\/, one of our main priorities is the privacy of our visitors. This Privacy Policy document [&hellip;]<\/p>\n","protected":false},"author":1,"featured_media":2065,"parent":0,"menu_order":0,"comment_status":"closed","ping_status":"open","template":"","meta":{"_acf_changed":false,"footnotes":""},"class_list":["post-3","page","type-page","status-publish","has-post-thumbnail","hentry"],"acf":[],"_links":{"self":[{"href":"https:\/\/seedcogroup.com\/drc\/fieldcrops\/fr\/wp-json\/wp\/v2\/pages\/3","targetHints":{"allow":["GET"]}}],"collection":[{"href":"https:\/\/seedcogroup.com\/drc\/fieldcrops\/fr\/wp-json\/wp\/v2\/pages"}],"about":[{"href":"https:\/\/seedcogroup.com\/drc\/fieldcrops\/fr\/wp-json\/wp\/v2\/types\/page"}],"author":[{"embeddable":true,"href":"https:\/\/seedcogroup.com\/drc\/fieldcrops\/fr\/wp-json\/wp\/v2\/users\/1"}],"replies":[{"embeddable":true,"href":"https:\/\/seedcogroup.com\/drc\/fieldcrops\/fr\/wp-json\/wp\/v2\/comments?post=3"}],"version-history":[{"count":1,"href":"https:\/\/seedcogroup.com\/drc\/fieldcrops\/fr\/wp-json\/wp\/v2\/pages\/3\/revisions"}],"predecessor-version":[{"id":2804,"href":"https:\/\/seedcogroup.com\/drc\/fieldcrops\/fr\/wp-json\/wp\/v2\/pages\/3\/revisions\/2804"}],"wp:featuredmedia":[{"embeddable":true,"href":"https:\/\/seedcogroup.com\/drc\/fieldcrops\/fr\/wp-json\/wp\/v2\/media\/2065"}],"wp:attachment":[{"href":"https:\/\/seedcogroup.com\/drc\/fieldcrops\/fr\/wp-json\/wp\/v2\/media?parent=3"}],"curies":[{"name":"wp","href":"https:\/\/api.w.org\/{rel}","templated":true}]}}