{"id":2608,"date":"2022-10-18T08:09:26","date_gmt":"2022-10-18T08:09:26","guid":{"rendered":"http:\/\/104.238.170.140\/seedcogroup\/zm\/fieldcrops\/?page_id=2608"},"modified":"2026-02-17T10:10:40","modified_gmt":"2026-02-17T10:10:40","slug":"promotions","status":"publish","type":"page","link":"https:\/\/seedcogroup.com\/drc\/fieldcrops\/fr\/promotions\/","title":{"rendered":"Promotions"},"content":{"rendered":"<p class=\"translation-block\">Seed Co R\u00e9publique D\u00e9mocratique du Congo est un fournisseur leader de semences certifi\u00e9es \u00e0 haut rendement et de haute qualit\u00e9, notamment le ma\u00efs, le bl\u00e9, le soja, l\u2019orge, le sorgho et les cultures mara\u00eech\u00e8res. L\u2019entreprise a lanc\u00e9 une nouvelle application agronomique appel\u00e9e Seedney.<\/p>\n\n\n\n<p>L\u2019application fournit des informations sur les produits, la gestion des maladies et des ravageurs, des t\u00e9moignages d\u2019agriculteurs, les derni\u00e8res actualit\u00e9s et mises \u00e0 jour du secteur, un acc\u00e8s \u00e0 la boutique en ligne ainsi qu\u2019un calendrier de production qui guide les agriculteurs dans la culture des vari\u00e9t\u00e9s de semences Seed Co.<\/p>\n\n\n\n<p class=\"translation-block\">La nouvelle application agronomique a \u00e9t\u00e9 soigneusement con\u00e7ue pour devenir l\u2019agronome dans votre poche.<\/p>\n\n\n\n<p><strong>T\u00e9l\u00e9chargez Seedney ici\u00a0:<\/strong><\/p>\n\n\n\n<figure class=\"wp-block-image is-resized\"><img decoding=\"async\" width=\"250\" height=\"69\" src=\"https:\/\/seedcogroup.com\/zm\/fieldcrops\/wp-content\/uploads\/2023\/03\/google-app-store.png\" alt=\"google-app-store\" class=\"wp-image-2844\" style=\"width:72px\"\/><figcaption class=\"wp-element-caption\"><a href=\"https:\/\/play.google.com\/store\/apps\/details?id=com.seedcogroup.DRC\" target=\"_blank\" rel=\"noreferrer noopener\">Google Play<\/a><\/figcaption><\/figure>\n\n\n\n<figure class=\"wp-block-image size-large is-resized\"><img decoding=\"async\" src=\"https:\/\/seedcogroup.com\/zm\/fieldcrops\/wp-content\/uploads\/2023\/03\/app-store-icon.png\" alt=\"apple store icon\" style=\"width:72px;height:auto\"\/><figcaption class=\"wp-element-caption\"><a href=\"https:\/\/apps.apple.com\/us\/app\/seedney-by-seed-co\/id1564244891\" target=\"_blank\" rel=\"noreferrer noopener\">Apple Store<\/a><\/figcaption><\/figure>","protected":false},"excerpt":{"rendered":"<p>Seed Co Democratic Republic of Congo is a leading supplier of high-yielding, high-quality certified seeds, including maize, wheat, soybean, barley, [&hellip;]<\/p>\n","protected":false},"author":1,"featured_media":2858,"parent":0,"menu_order":0,"comment_status":"closed","ping_status":"closed","template":"","meta":{"_acf_changed":false,"footnotes":""},"class_list":["post-2608","page","type-page","status-publish","has-post-thumbnail","hentry"],"acf":[],"_links":{"self":[{"href":"https:\/\/seedcogroup.com\/drc\/fieldcrops\/fr\/wp-json\/wp\/v2\/pages\/2608","targetHints":{"allow":["GET"]}}],"collection":[{"href":"https:\/\/seedcogroup.com\/drc\/fieldcrops\/fr\/wp-json\/wp\/v2\/pages"}],"about":[{"href":"https:\/\/seedcogroup.com\/drc\/fieldcrops\/fr\/wp-json\/wp\/v2\/types\/page"}],"author":[{"embeddable":true,"href":"https:\/\/seedcogroup.com\/drc\/fieldcrops\/fr\/wp-json\/wp\/v2\/users\/1"}],"replies":[{"embeddable":true,"href":"https:\/\/seedcogroup.com\/drc\/fieldcrops\/fr\/wp-json\/wp\/v2\/comments?post=2608"}],"version-history":[{"count":9,"href":"https:\/\/seedcogroup.com\/drc\/fieldcrops\/fr\/wp-json\/wp\/v2\/pages\/2608\/revisions"}],"predecessor-version":[{"id":3949,"href":"https:\/\/seedcogroup.com\/drc\/fieldcrops\/fr\/wp-json\/wp\/v2\/pages\/2608\/revisions\/3949"}],"wp:featuredmedia":[{"embeddable":true,"href":"https:\/\/seedcogroup.com\/drc\/fieldcrops\/fr\/wp-json\/wp\/v2\/media\/2858"}],"wp:attachment":[{"href":"https:\/\/seedcogroup.com\/drc\/fieldcrops\/fr\/wp-json\/wp\/v2\/media?parent=2608"}],"curies":[{"name":"wp","href":"https:\/\/api.w.org\/{rel}","templated":true}]}}