{"id":44,"date":"2021-08-27T13:00:12","date_gmt":"2021-08-27T13:00:12","guid":{"rendered":"https:\/\/localhost\/seedcozm\/?page_id=44"},"modified":"2026-02-16T11:56:03","modified_gmt":"2026-02-16T11:56:03","slug":"our-story","status":"publish","type":"page","link":"https:\/\/seedcogroup.com\/angola\/fieldcrops\/pt\/about-us\/our-story\/","title":{"rendered":"Nossa hist\u00f3ria"},"content":{"rendered":"<h2 class=\"wp-block-heading has-text-align-center\">Nossa hist\u00f3ria<\/h2>\n\n\n\n<p>A Seed Co Angola foi oficialmente registada em 2020 como parte da expans\u00e3o estrat\u00e9gica do Grupo Seed Co em \u00c1frica. O registo marcou o in\u00edcio da entrada formal da Seed Co no mercado agr\u00edcola angolano.<\/p>\n\n\n\n<p>Em 2023, a empresa inaugurou o seu escrit\u00f3rio local em Talatona, Luanda \u2014 um marco importante que refor\u00e7ou a sua capacidade operacional e compromisso de servir directamente os agricultores angolanos.<\/p>\n\n\n\n<p>Desde a sua presen\u00e7a local, a Seed Co Angola tem-se focado em:<\/p>\n\n\n\n<ul class=\"wp-block-list\">\n<li>Expandir o acesso a sementes h\u00edbridas certificadas<\/li>\n\n\n\n<li>Construir redes s\u00f3lidas de agro-revendedores<\/li>\n\n\n\n<li>Apoiar a produtividade dos agricultores<\/li>\n\n\n\n<li>Promover uma agricultura resiliente \u00e0s altera\u00e7\u00f5es clim\u00e1ticas<\/li>\n\n\n\n<li>Contribuir para a seguran\u00e7a alimentar nacional<\/li>\n<\/ul>\n\n\n\n<p>Como parte de uma empresa pan-africana com mais de 80 anos de excel\u00eancia em melhoramento gen\u00e9tico, a Seed Co Angola compromete-se a capacitar os agricultores com solu\u00e7\u00f5es de sementes de alta qualidade adaptadas \u00e0s zonas agroecol\u00f3gicas de Angola.<\/p>\n\n\n\n<h2 class=\"wp-block-heading\">A nossa pegada africana<\/h2>\n\n\n\n<p>A Seed Co opera em v\u00e1rios pa\u00edses africanos, incluindo:<\/p>\n\n\n\n<div class=\"wp-block-columns is-layout-flex wp-container-core-columns-is-layout-9d6595d7 wp-block-columns-is-layout-flex\">\n<div class=\"wp-block-column is-layout-flow wp-block-column-is-layout-flow\">\n<ul class=\"wp-block-list\">\n<li>Z\u00e2mbia<\/li>\n\n\n\n<li>\u00c1frica do Sul<\/li>\n\n\n\n<li>Tanz\u00e2nia<\/li>\n\n\n\n<li>Nig\u00e9ria<\/li>\n\n\n\n<li>Botswana<\/li>\n\n\n\n<li>Ruanda<\/li>\n<\/ul>\n<\/div>\n\n\n\n<div class=\"wp-block-column is-layout-flow wp-block-column-is-layout-flow\">\n<ul class=\"wp-block-list\">\n<li>Malawi<\/li>\n\n\n\n<li>Mo\u00e7ambique<\/li>\n\n\n\n<li>Qu\u00e9nia<\/li>\n\n\n\n<li>Gana<\/li>\n\n\n\n<li>Zimbabwe<\/li>\n\n\n\n<li>Angola<\/li>\n<\/ul>\n<\/div>\n\n\n\n<div class=\"wp-block-column is-layout-flow wp-block-column-is-layout-flow\"><\/div>\n\n\n\n<div class=\"wp-block-column is-layout-flow wp-block-column-is-layout-flow\"><\/div>\n<\/div>","protected":false},"excerpt":{"rendered":"<p>Our Story Seed Co Angola was officially registered in 2020 as part of Seed Co Group\u2019s strategic expansion across Africa. [&hellip;]<\/p>\n","protected":false},"author":1,"featured_media":2598,"parent":36,"menu_order":0,"comment_status":"closed","ping_status":"closed","template":"","meta":{"_acf_changed":false,"footnotes":""},"class_list":["post-44","page","type-page","status-publish","has-post-thumbnail","hentry"],"acf":[],"_links":{"self":[{"href":"https:\/\/seedcogroup.com\/angola\/fieldcrops\/pt\/wp-json\/wp\/v2\/pages\/44","targetHints":{"allow":["GET"]}}],"collection":[{"href":"https:\/\/seedcogroup.com\/angola\/fieldcrops\/pt\/wp-json\/wp\/v2\/pages"}],"about":[{"href":"https:\/\/seedcogroup.com\/angola\/fieldcrops\/pt\/wp-json\/wp\/v2\/types\/page"}],"author":[{"embeddable":true,"href":"https:\/\/seedcogroup.com\/angola\/fieldcrops\/pt\/wp-json\/wp\/v2\/users\/1"}],"replies":[{"embeddable":true,"href":"https:\/\/seedcogroup.com\/angola\/fieldcrops\/pt\/wp-json\/wp\/v2\/comments?post=44"}],"version-history":[{"count":19,"href":"https:\/\/seedcogroup.com\/angola\/fieldcrops\/pt\/wp-json\/wp\/v2\/pages\/44\/revisions"}],"predecessor-version":[{"id":3913,"href":"https:\/\/seedcogroup.com\/angola\/fieldcrops\/pt\/wp-json\/wp\/v2\/pages\/44\/revisions\/3913"}],"up":[{"embeddable":true,"href":"https:\/\/seedcogroup.com\/angola\/fieldcrops\/pt\/wp-json\/wp\/v2\/pages\/36"}],"wp:featuredmedia":[{"embeddable":true,"href":"https:\/\/seedcogroup.com\/angola\/fieldcrops\/pt\/wp-json\/wp\/v2\/media\/2598"}],"wp:attachment":[{"href":"https:\/\/seedcogroup.com\/angola\/fieldcrops\/pt\/wp-json\/wp\/v2\/media?parent=44"}],"curies":[{"name":"wp","href":"https:\/\/api.w.org\/{rel}","templated":true}]}}