{"id":42,"date":"2021-08-27T13:00:00","date_gmt":"2021-08-27T13:00:00","guid":{"rendered":"https:\/\/localhost\/seedcozm\/?page_id=42"},"modified":"2026-04-10T09:26:33","modified_gmt":"2026-04-10T09:26:33","slug":"overview","status":"publish","type":"page","link":"https:\/\/seedcogroup.com\/angola\/fieldcrops\/pt\/about-us\/overview\/","title":{"rendered":"Vis\u00e3o geral"},"content":{"rendered":"<p>A Seed Co Angola posiciona-se com orgulho como um dos principais intervenientes emergentes no sector agr\u00edcola do pa\u00eds. A empresa est\u00e1 activamente envolvida na investiga\u00e7\u00e3o, produ\u00e7\u00e3o, processamento, distribui\u00e7\u00e3o e comercializa\u00e7\u00e3o de sementes agr\u00edcolas certificadas.<\/p>\n\n\n\n<p>Os seus principais produtos incluem sementes h\u00edbridas de milho, trigo e soja. A empresa tamb\u00e9m comercializa sorgo, feij\u00e3o comum, amendoim e sementes hort\u00edcolas.<\/p>\n\n\n\n<p>A Seed Co Angola serve uma base diversificada de clientes, desde pequenos produtores e agricultores emergentes at\u00e9 grandes agricultores comerciais. Al\u00e9m disso, a empresa colabora estreitamente com institui\u00e7\u00f5es governamentais e Organiza\u00e7\u00f5es N\u00e3o Governamentais para refor\u00e7ar a seguran\u00e7a alimentar e a produtividade agr\u00edcola em Angola.<\/p>\n\n\n\n<p>Aproveitando a posi\u00e7\u00e3o estrat\u00e9gica regional de Angola e os seus diversos ambientes agroecol\u00f3gicos, a Seed Co continua a investir em investiga\u00e7\u00e3o e desenvolvimento varietal para optimizar a selec\u00e7\u00e3o de germoplasma e desenvolver variedades de alto desempenho adaptadas a Angola e aos pa\u00edses vizinhos com condi\u00e7\u00f5es semelhantes.<\/p>\n\n\n\n<h4 class=\"wp-block-heading has-medium-font-size\"><a><\/a>A NOSSA VIS\u00c3O<\/h4>\n\n\n\n<p>To dominate the Agro Industry in Africa.<\/p>\n\n\n\n<h4 class=\"wp-block-heading has-medium-font-size\"><a><\/a>A NOSSA MISS\u00c3O<\/h4>\n\n\n\n<p>Produzimos sementes, alimentamos e lideramos em \u00c1frica.<\/p>\n\n\n\n<h4 class=\"wp-block-heading has-medium-font-size\"><a><\/a>AS NOSSAS MARCAS<\/h4>\n\n\n\n<p>Specially bred for Africa, our seed varieties are developed to thrive in African farming conditions, assuring farmers high performance, resilience, and the potential for maximum yields.<\/p>\n\n\n\n<h4 class=\"wp-block-heading has-medium-font-size\">Seed Co Values<\/h4>\n\n\n\n<ul class=\"wp-block-list\">\n<li><strong>Customer Centricity:<\/strong>&nbsp;Putting customers at the centre by listening carefully, understanding their needs, and delivering personalised solutions.<\/li>\n\n\n\n<li><strong>As Pessoas, o Nosso Orgulho:<\/strong>&nbsp;Achieving results through people with passion while prioritising employee wellbeing, growth, and development.<\/li>\n\n\n\n<li><strong>Teamwork and Partnerships:<\/strong>&nbsp;Working and winning together by collaborating, sharing knowledge, supporting colleagues, and celebrating collective success.<\/li>\n\n\n\n<li><strong>Accountability:<\/strong>&nbsp;Taking ownership of responsibilities, delivering on commitments, and learning from mistakes while communicating proactively.<\/li>\n\n\n\n<li><strong>Foco na Qualidade:<\/strong>&nbsp;Driving for quality and value by maintaining high standards, paying attention to detail, and continuously striving for excellence.<\/li>\n\n\n\n<li><strong>Integrity:<\/strong>&nbsp;Upholding strong moral principles, transparency, and honesty in all interactions while acting responsibly and ethically.<\/li>\n\n\n\n<li><strong>Inova\u00e7\u00e3o:<\/strong>\u00a0Learning, experimenting, and applying new ideas by thinking creatively, exploring different approaches, and collaborating to develop solutions.<\/li>\n<\/ul>","protected":false},"excerpt":{"rendered":"<p>Seed Co Angola proudly positions itself as one of the emerging key players in the country\u2019s agricultural sector. The company [&hellip;]<\/p>\n","protected":false},"author":1,"featured_media":2598,"parent":36,"menu_order":0,"comment_status":"closed","ping_status":"closed","template":"","meta":{"_acf_changed":false,"footnotes":""},"class_list":["post-42","page","type-page","status-publish","has-post-thumbnail","hentry"],"acf":[],"_links":{"self":[{"href":"https:\/\/seedcogroup.com\/angola\/fieldcrops\/pt\/wp-json\/wp\/v2\/pages\/42","targetHints":{"allow":["GET"]}}],"collection":[{"href":"https:\/\/seedcogroup.com\/angola\/fieldcrops\/pt\/wp-json\/wp\/v2\/pages"}],"about":[{"href":"https:\/\/seedcogroup.com\/angola\/fieldcrops\/pt\/wp-json\/wp\/v2\/types\/page"}],"author":[{"embeddable":true,"href":"https:\/\/seedcogroup.com\/angola\/fieldcrops\/pt\/wp-json\/wp\/v2\/users\/1"}],"replies":[{"embeddable":true,"href":"https:\/\/seedcogroup.com\/angola\/fieldcrops\/pt\/wp-json\/wp\/v2\/comments?post=42"}],"version-history":[{"count":25,"href":"https:\/\/seedcogroup.com\/angola\/fieldcrops\/pt\/wp-json\/wp\/v2\/pages\/42\/revisions"}],"predecessor-version":[{"id":3952,"href":"https:\/\/seedcogroup.com\/angola\/fieldcrops\/pt\/wp-json\/wp\/v2\/pages\/42\/revisions\/3952"}],"up":[{"embeddable":true,"href":"https:\/\/seedcogroup.com\/angola\/fieldcrops\/pt\/wp-json\/wp\/v2\/pages\/36"}],"wp:featuredmedia":[{"embeddable":true,"href":"https:\/\/seedcogroup.com\/angola\/fieldcrops\/pt\/wp-json\/wp\/v2\/media\/2598"}],"wp:attachment":[{"href":"https:\/\/seedcogroup.com\/angola\/fieldcrops\/pt\/wp-json\/wp\/v2\/media?parent=42"}],"curies":[{"name":"wp","href":"https:\/\/api.w.org\/{rel}","templated":true}]}}