{"id":23,"date":"2021-08-27T12:03:29","date_gmt":"2021-08-27T12:03:29","guid":{"rendered":"https:\/\/localhost\/seedcozm\/?page_id=23"},"modified":"2026-02-16T13:39:20","modified_gmt":"2026-02-16T13:39:20","slug":"farming-regions","status":"publish","type":"page","link":"https:\/\/seedcogroup.com\/angola\/fieldcrops\/pt\/farming-regions\/","title":{"rendered":"Regi\u00f5es de cultivo de milho"},"content":{"rendered":"<p>O milho \u00e9 cultivado nas zonas agroecol\u00f3gicas adequadas de Angola, especialmente em regi\u00f5es com boas condi\u00e7\u00f5es de chuva e solo.<\/p>","protected":false},"excerpt":{"rendered":"<p>O milho \u00e9 cultivado nas zonas agroecol\u00f3gicas adequadas de Angola, especialmente em regi\u00f5es com boas condi\u00e7\u00f5es de chuva e solo.<\/p>","protected":false},"author":1,"featured_media":2611,"parent":0,"menu_order":0,"comment_status":"closed","ping_status":"closed","template":"","meta":{"_acf_changed":false,"footnotes":""},"class_list":["post-23","page","type-page","status-publish","has-post-thumbnail","hentry"],"acf":[],"_links":{"self":[{"href":"https:\/\/seedcogroup.com\/angola\/fieldcrops\/pt\/wp-json\/wp\/v2\/pages\/23","targetHints":{"allow":["GET"]}}],"collection":[{"href":"https:\/\/seedcogroup.com\/angola\/fieldcrops\/pt\/wp-json\/wp\/v2\/pages"}],"about":[{"href":"https:\/\/seedcogroup.com\/angola\/fieldcrops\/pt\/wp-json\/wp\/v2\/types\/page"}],"author":[{"embeddable":true,"href":"https:\/\/seedcogroup.com\/angola\/fieldcrops\/pt\/wp-json\/wp\/v2\/users\/1"}],"replies":[{"embeddable":true,"href":"https:\/\/seedcogroup.com\/angola\/fieldcrops\/pt\/wp-json\/wp\/v2\/comments?post=23"}],"version-history":[{"count":7,"href":"https:\/\/seedcogroup.com\/angola\/fieldcrops\/pt\/wp-json\/wp\/v2\/pages\/23\/revisions"}],"predecessor-version":[{"id":3922,"href":"https:\/\/seedcogroup.com\/angola\/fieldcrops\/pt\/wp-json\/wp\/v2\/pages\/23\/revisions\/3922"}],"wp:featuredmedia":[{"embeddable":true,"href":"https:\/\/seedcogroup.com\/angola\/fieldcrops\/pt\/wp-json\/wp\/v2\/media\/2611"}],"wp:attachment":[{"href":"https:\/\/seedcogroup.com\/angola\/fieldcrops\/pt\/wp-json\/wp\/v2\/media?parent=23"}],"curies":[{"name":"wp","href":"https:\/\/api.w.org\/{rel}","templated":true}]}}